{"id":12,"date":"2024-08-29T11:28:24","date_gmt":"2024-08-29T11:28:24","guid":{"rendered":"https:\/\/revolutionsoft.shop\/?page_id=12"},"modified":"2025-07-31T10:55:40","modified_gmt":"2025-07-31T10:55:40","slug":"politica-cookies","status":"publish","type":"page","link":"https:\/\/www.deeptherapya.com\/ru\/politica-cookies\/","title":{"rendered":"\u041f\u043e\u043b\u0438\u0442\u0438\u043a\u0430 \u0438\u0441\u043f\u043e\u043b\u044c\u0437\u043e\u0432\u0430\u043d\u0438\u044f \u0444\u0430\u0439\u043b\u043e\u0432 cookie"},"content":{"rendered":"<p data-start=\"1568\" data-end=\"1721\">\u042d\u0442\u043e\u0442 \u0432\u0435\u0431-\u0441\u0430\u0439\u0442 \u0438\u0441\u043f\u043e\u043b\u044c\u0437\u0443\u0435\u0442 \u0441\u043e\u0431\u0441\u0442\u0432\u0435\u043d\u043d\u044b\u0435 \u0438 \u0441\u0442\u043e\u0440\u043e\u043d\u043d\u0438\u0435 \u0444\u0430\u0439\u043b\u044b cookie \u0434\u043b\u044f \u0443\u043b\u0443\u0447\u0448\u0435\u043d\u0438\u044f \u0443\u0434\u043e\u0431\u0441\u0442\u0432\u0430 \u043f\u0440\u043e\u0441\u043c\u043e\u0442\u0440\u0430, \u0430\u043d\u0430\u043b\u0438\u0437\u0430 \u0442\u0440\u0430\u0444\u0438\u043a\u0430 \u0438 \u043f\u0440\u0435\u0434\u043b\u043e\u0436\u0435\u043d\u0438\u044f \u043f\u0435\u0440\u0441\u043e\u043d\u0430\u043b\u0438\u0437\u0438\u0440\u043e\u0432\u0430\u043d\u043d\u044b\u0445 \u0443\u0441\u043b\u0443\u0433.<\/p>\n<p data-start=\"1723\" data-end=\"1879\"><strong data-start=\"1723\" data-end=\"1748\">\u0427\u0442\u043e \u0442\u0430\u043a\u043e\u0435 \u0444\u0430\u0439\u043b\u044b cookie?<\/strong><br data-start=\"1748\" data-end=\"1751\" \/>\u0424\u0430\u0439\u043b\u044b cookie \u2014 \u044d\u0442\u043e \u043d\u0435\u0431\u043e\u043b\u044c\u0448\u0438\u0435 \u0442\u0435\u043a\u0441\u0442\u043e\u0432\u044b\u0435 \u0444\u0430\u0439\u043b\u044b, \u043a\u043e\u0442\u043e\u0440\u044b\u0435 \u0441\u043e\u0445\u0440\u0430\u043d\u044f\u044e\u0442\u0441\u044f \u043d\u0430 \u0443\u0441\u0442\u0440\u043e\u0439\u0441\u0442\u0432\u0435 \u043f\u043e\u043b\u044c\u0437\u043e\u0432\u0430\u0442\u0435\u043b\u044f \u043f\u0440\u0438 \u043f\u043e\u0441\u0435\u0449\u0435\u043d\u0438\u0438 \u043e\u043f\u0440\u0435\u0434\u0435\u043b\u0435\u043d\u043d\u044b\u0445 \u0432\u0435\u0431-\u0441\u0442\u0440\u0430\u043d\u0438\u0446.<\/p>\n<p data-start=\"1881\" data-end=\"1915\"><strong data-start=\"1881\" data-end=\"1913\">\u0422\u0438\u043f\u044b \u0438\u0441\u043f\u043e\u043b\u044c\u0437\u0443\u0435\u043c\u044b\u0445 \u0444\u0430\u0439\u043b\u043e\u0432 cookie:<\/strong><\/p>\n<ol data-start=\"1916\" data-end=\"2230\">\n<li data-start=\"1916\" data-end=\"1998\">\n<p data-start=\"1919\" data-end=\"1998\"><strong data-start=\"1919\" data-end=\"1940\">\u0422\u0435\u0445\u043d\u0438\u0447\u0435\u0441\u043a\u0438\u0435 \u0444\u0430\u0439\u043b\u044b cookie:<\/strong> \u043d\u0435\u043e\u0431\u0445\u043e\u0434\u0438\u043c\u044b\u0435 \u0434\u043b\u044f \u0431\u0430\u0437\u043e\u0432\u043e\u0439 \u0440\u0430\u0431\u043e\u0442\u044b \u0432\u0435\u0431-\u0441\u0430\u0439\u0442\u0430.<\/p>\n<\/li>\n<li data-start=\"1999\" data-end=\"2121\">\n<p data-start=\"2002\" data-end=\"2121\"><strong data-start=\"2002\" data-end=\"2026\">\u0410\u043d\u0430\u043b\u0438\u0442\u0438\u0447\u0435\u0441\u043a\u0438\u0435 \u0444\u0430\u0439\u043b\u044b cookie:<\/strong> \u041e\u043d\u0438 \u043f\u043e\u0437\u0432\u043e\u043b\u044f\u044e\u0442 \u0438\u0437\u043c\u0435\u0440\u044f\u0442\u044c \u0438 \u0430\u043d\u0430\u043b\u0438\u0437\u0438\u0440\u043e\u0432\u0430\u0442\u044c \u043f\u043e\u0432\u0435\u0434\u0435\u043d\u0438\u0435 \u043f\u043e\u043b\u044c\u0437\u043e\u0432\u0430\u0442\u0435\u043b\u0435\u0439 (\u043d\u0430\u043f\u0440\u0438\u043c\u0435\u0440, Google Analytics).<\/p>\n<\/li>\n<li data-start=\"2122\" data-end=\"2230\">\n<p data-start=\"2125\" data-end=\"2230\"><strong data-start=\"2125\" data-end=\"2149\">\u0421\u0442\u043e\u0440\u043e\u043d\u043d\u0438\u0435 \u0444\u0430\u0439\u043b\u044b cookie:<\/strong> \u0433\u0435\u043d\u0435\u0440\u0438\u0440\u0443\u0435\u043c\u044b\u0435 \u0432\u043d\u0435\u0448\u043d\u0438\u043c\u0438 \u0441\u0435\u0440\u0432\u0438\u0441\u0430\u043c\u0438, \u0442\u0430\u043a\u0438\u043c\u0438 \u043a\u0430\u043a \u0441\u043e\u0446\u0438\u0430\u043b\u044c\u043d\u044b\u0435 \u0441\u0435\u0442\u0438 \u0438\u043b\u0438 \u0432\u0441\u0442\u0440\u043e\u0435\u043d\u043d\u044b\u0439 \u043a\u043e\u043d\u0442\u0435\u043d\u0442.<\/p>\n<\/li>\n<\/ol>\n<p data-start=\"2232\" data-end=\"2350\"><strong data-start=\"2232\" data-end=\"2254\">\u0423\u043f\u0440\u0430\u0432\u043b\u0435\u043d\u0438\u0435 \u0444\u0430\u0439\u043b\u0430\u043c\u0438 cookie<\/strong><br data-start=\"2254\" data-end=\"2257\" \/>\u0412\u044b \u043c\u043e\u0436\u0435\u0442\u0435 \u0440\u0430\u0437\u0440\u0435\u0448\u0438\u0442\u044c, \u0437\u0430\u0431\u043b\u043e\u043a\u0438\u0440\u043e\u0432\u0430\u0442\u044c \u0438\u043b\u0438 \u0443\u0434\u0430\u043b\u0438\u0442\u044c \u0444\u0430\u0439\u043b\u044b cookie \u0447\u0435\u0440\u0435\u0437 \u043d\u0430\u0441\u0442\u0440\u043e\u0439\u043a\u0438 \u0431\u0440\u0430\u0443\u0437\u0435\u0440\u0430:<\/p>\n<ul data-start=\"2352\" data-end=\"2722\">\n<li data-start=\"2352\" data-end=\"2425\">\n<p data-start=\"2354\" data-end=\"2425\"><a class=\"cursor-pointer\" target=\"_new\" rel=\"noopener\" data-start=\"2354\" data-end=\"2423\">\u0413\u0443\u0433\u043b \u0425\u0440\u043e\u043c<\/a><\/p>\n<\/li>\n<li data-start=\"2426\" data-end=\"2548\">\n<p data-start=\"2428\" data-end=\"2548\"><a class=\"cursor-pointer\" target=\"_new\" rel=\"noopener\" data-start=\"2428\" data-end=\"2546\">\u041c\u043e\u0437\u0438\u043b\u043b\u0430 \u0424\u0430\u0435\u0440\u0444\u043e\u043a\u0441<\/a><\/p>\n<\/li>\n<li data-start=\"2549\" data-end=\"2621\">\n<p data-start=\"2551\" data-end=\"2621\"><a class=\"cursor-pointer\" target=\"_new\" rel=\"noopener\" data-start=\"2551\" data-end=\"2619\">\u0421\u0430\u0444\u0430\u0440\u0438<\/a><\/p>\n<\/li>\n<li data-start=\"2622\" data-end=\"2722\">\n<p data-start=\"2624\" data-end=\"2722\"><a class=\"cursor-pointer\" target=\"_new\" rel=\"noopener\" data-start=\"2624\" data-end=\"2720\">Microsoft Edge<\/a><\/p>\n<\/li>\n<\/ul>\n<p data-start=\"2724\" data-end=\"2804\">\u041f\u0440\u043e\u0434\u043e\u043b\u0436\u0435\u043d\u0438\u0435 \u0438\u0441\u043f\u043e\u043b\u044c\u0437\u043e\u0432\u0430\u043d\u0438\u044f \u0432\u0435\u0431-\u0441\u0430\u0439\u0442\u0430 \u043f\u043e\u0434\u0440\u0430\u0437\u0443\u043c\u0435\u0432\u0430\u0435\u0442 \u0441\u043e\u0433\u043b\u0430\u0441\u0438\u0435 \u0441 \u043d\u0430\u0441\u0442\u043e\u044f\u0449\u0435\u0439 \u041f\u043e\u043b\u0438\u0442\u0438\u043a\u043e\u0439 \u0438\u0441\u043f\u043e\u043b\u044c\u0437\u043e\u0432\u0430\u043d\u0438\u044f \u0444\u0430\u0439\u043b\u043e\u0432 cookie.<\/p>","protected":false},"excerpt":{"rendered":"<p>Este sitio web utiliza cookies propias y de terceros para mejorar la experiencia de navegaci\u00f3n, analizar el tr\u00e1fico y ofrecer servicios personalizados. \u00bfQu\u00e9 son las cookies?Las cookies son peque\u00f1os archivos de texto que se almacenan en el dispositivo del usuario al visitar determinadas p\u00e1ginas web. Tipos de cookies utilizadas: Cookies t\u00e9cnicas: necesarias para el funcionamiento&hellip;&nbsp;<a href=\"https:\/\/www.deeptherapya.com\/ru\/politica-cookies\/\" rel=\"bookmark\"><span class=\"screen-reader-text\">\u041f\u043e\u043b\u0438\u0442\u0438\u043a\u0430 \u0438\u0441\u043f\u043e\u043b\u044c\u0437\u043e\u0432\u0430\u043d\u0438\u044f \u0444\u0430\u0439\u043b\u043e\u0432 cookie<\/span><\/a><\/p>","protected":false},"author":1,"featured_media":0,"parent":0,"menu_order":0,"comment_status":"closed","ping_status":"closed","template":"","meta":{"neve_meta_sidebar":"","neve_meta_container":"","neve_meta_enable_content_width":"","neve_meta_content_width":0,"neve_meta_title_alignment":"","neve_meta_author_avatar":"","neve_post_elements_order":"","neve_meta_disable_header":"","neve_meta_disable_footer":"","neve_meta_disable_title":"","_joinchat":[],"footnotes":""},"class_list":["post-12","page","type-page","status-publish","hentry"],"yoast_head":"<!-- This site is optimized with the Yoast SEO plugin v26.5 - https:\/\/yoast.com\/wordpress\/plugins\/seo\/ -->\n<title>Pol\u00edtica de Cookies - Deeptherapya<\/title>\n<meta name=\"robots\" content=\"index, follow, max-snippet:-1, max-image-preview:large, max-video-preview:-1\" \/>\n<link rel=\"canonical\" href=\"https:\/\/www.deeptherapya.com\/ru\/politica-cookies\/\" \/>\n<meta property=\"og:locale\" content=\"ru_RU\" \/>\n<meta property=\"og:type\" content=\"article\" \/>\n<meta property=\"og:title\" content=\"Pol\u00edtica de Cookies - Deeptherapya\" \/>\n<meta property=\"og:description\" content=\"Este sitio web utiliza cookies propias y de terceros para mejorar la experiencia de navegaci\u00f3n, analizar el tr\u00e1fico y ofrecer servicios personalizados. \u00bfQu\u00e9 son las cookies?Las cookies son peque\u00f1os archivos de texto que se almacenan en el dispositivo del usuario al visitar determinadas p\u00e1ginas web. Tipos de cookies utilizadas: Cookies t\u00e9cnicas: necesarias para el funcionamiento&hellip;&nbsp;Pol\u00edtica de Cookies\" \/>\n<meta property=\"og:url\" content=\"https:\/\/www.deeptherapya.com\/ru\/politica-cookies\/\" \/>\n<meta property=\"og:site_name\" content=\"Deeptherapya\" \/>\n<meta property=\"article:modified_time\" content=\"2025-07-31T10:55:40+00:00\" \/>\n<meta name=\"twitter:card\" content=\"summary_large_image\" \/>\n<meta name=\"twitter:label1\" content=\"\u041f\u0440\u0438\u043c\u0435\u0440\u043d\u043e\u0435 \u0432\u0440\u0435\u043c\u044f \u0434\u043b\u044f \u0447\u0442\u0435\u043d\u0438\u044f\" \/>\n\t<meta name=\"twitter:data1\" content=\"3 \u043c\u0438\u043d\u0443\u0442\u044b\" \/>\n<script type=\"application\/ld+json\" class=\"yoast-schema-graph\">{\"@context\":\"https:\/\/schema.org\",\"@graph\":[{\"@type\":\"WebPage\",\"@id\":\"https:\/\/www.deeptherapya.com\/politica-cookies\/\",\"url\":\"https:\/\/www.deeptherapya.com\/politica-cookies\/\",\"name\":\"Pol\u00edtica de Cookies - Deeptherapya\",\"isPartOf\":{\"@id\":\"https:\/\/www.deeptherapya.com\/#website\"},\"datePublished\":\"2024-08-29T11:28:24+00:00\",\"dateModified\":\"2025-07-31T10:55:40+00:00\",\"breadcrumb\":{\"@id\":\"https:\/\/www.deeptherapya.com\/politica-cookies\/#breadcrumb\"},\"inLanguage\":\"ru-RU\",\"potentialAction\":[{\"@type\":\"ReadAction\",\"target\":[\"https:\/\/www.deeptherapya.com\/politica-cookies\/\"]}]},{\"@type\":\"BreadcrumbList\",\"@id\":\"https:\/\/www.deeptherapya.com\/politica-cookies\/#breadcrumb\",\"itemListElement\":[{\"@type\":\"ListItem\",\"position\":1,\"name\":\"Portada\",\"item\":\"https:\/\/www.deeptherapya.com\/\"},{\"@type\":\"ListItem\",\"position\":2,\"name\":\"Pol\u00edtica de Cookies\"}]},{\"@type\":\"WebSite\",\"@id\":\"https:\/\/www.deeptherapya.com\/#website\",\"url\":\"https:\/\/www.deeptherapya.com\/\",\"name\":\"Deeptherapya\",\"description\":\"Masajes energ\u00e9ticos y terap\u00e9uticos, te ayudo a conectar con tu cuerpo y tu interior.\",\"potentialAction\":[{\"@type\":\"SearchAction\",\"target\":{\"@type\":\"EntryPoint\",\"urlTemplate\":\"https:\/\/www.deeptherapya.com\/?s={search_term_string}\"},\"query-input\":{\"@type\":\"PropertyValueSpecification\",\"valueRequired\":true,\"valueName\":\"search_term_string\"}}],\"inLanguage\":\"ru-RU\"}]}<\/script>\n<!-- \/ Yoast SEO plugin. -->","yoast_head_json":{"title":"Pol\u00edtica de Cookies - Deeptherapya","robots":{"index":"index","follow":"follow","max-snippet":"max-snippet:-1","max-image-preview":"max-image-preview:large","max-video-preview":"max-video-preview:-1"},"canonical":"https:\/\/www.deeptherapya.com\/ru\/politica-cookies\/","og_locale":"ru_RU","og_type":"article","og_title":"Pol\u00edtica de Cookies - Deeptherapya","og_description":"Este sitio web utiliza cookies propias y de terceros para mejorar la experiencia de navegaci\u00f3n, analizar el tr\u00e1fico y ofrecer servicios personalizados. \u00bfQu\u00e9 son las cookies?Las cookies son peque\u00f1os archivos de texto que se almacenan en el dispositivo del usuario al visitar determinadas p\u00e1ginas web. Tipos de cookies utilizadas: Cookies t\u00e9cnicas: necesarias para el funcionamiento&hellip;&nbsp;Pol\u00edtica de Cookies","og_url":"https:\/\/www.deeptherapya.com\/ru\/politica-cookies\/","og_site_name":"Deeptherapya","article_modified_time":"2025-07-31T10:55:40+00:00","twitter_card":"summary_large_image","twitter_misc":{"\u041f\u0440\u0438\u043c\u0435\u0440\u043d\u043e\u0435 \u0432\u0440\u0435\u043c\u044f \u0434\u043b\u044f \u0447\u0442\u0435\u043d\u0438\u044f":"3 \u043c\u0438\u043d\u0443\u0442\u044b"},"schema":{"@context":"https:\/\/schema.org","@graph":[{"@type":"WebPage","@id":"https:\/\/www.deeptherapya.com\/politica-cookies\/","url":"https:\/\/www.deeptherapya.com\/politica-cookies\/","name":"Pol\u00edtica de Cookies - Deeptherapya","isPartOf":{"@id":"https:\/\/www.deeptherapya.com\/#website"},"datePublished":"2024-08-29T11:28:24+00:00","dateModified":"2025-07-31T10:55:40+00:00","breadcrumb":{"@id":"https:\/\/www.deeptherapya.com\/politica-cookies\/#breadcrumb"},"inLanguage":"ru-RU","potentialAction":[{"@type":"ReadAction","target":["https:\/\/www.deeptherapya.com\/politica-cookies\/"]}]},{"@type":"BreadcrumbList","@id":"https:\/\/www.deeptherapya.com\/politica-cookies\/#breadcrumb","itemListElement":[{"@type":"ListItem","position":1,"name":"Portada","item":"https:\/\/www.deeptherapya.com\/"},{"@type":"ListItem","position":2,"name":"Pol\u00edtica de Cookies"}]},{"@type":"WebSite","@id":"https:\/\/www.deeptherapya.com\/#website","url":"https:\/\/www.deeptherapya.com\/","name":"\u0413\u043b\u0443\u0431\u043e\u043a\u0430\u044f \u0442\u0435\u0440\u0430\u043f\u0438\u044f","description":"Masajes energ\u00e9ticos y terap\u00e9uticos, te ayudo a conectar con tu cuerpo y tu interior.","potentialAction":[{"@type":"SearchAction","target":{"@type":"EntryPoint","urlTemplate":"https:\/\/www.deeptherapya.com\/?s={search_term_string}"},"query-input":{"@type":"PropertyValueSpecification","valueRequired":true,"valueName":"search_term_string"}}],"inLanguage":"ru-RU"}]}},"_links":{"self":[{"href":"https:\/\/www.deeptherapya.com\/ru\/wp-json\/wp\/v2\/pages\/12","targetHints":{"allow":["GET"]}}],"collection":[{"href":"https:\/\/www.deeptherapya.com\/ru\/wp-json\/wp\/v2\/pages"}],"about":[{"href":"https:\/\/www.deeptherapya.com\/ru\/wp-json\/wp\/v2\/types\/page"}],"author":[{"embeddable":true,"href":"https:\/\/www.deeptherapya.com\/ru\/wp-json\/wp\/v2\/users\/1"}],"replies":[{"embeddable":true,"href":"https:\/\/www.deeptherapya.com\/ru\/wp-json\/wp\/v2\/comments?post=12"}],"version-history":[{"count":4,"href":"https:\/\/www.deeptherapya.com\/ru\/wp-json\/wp\/v2\/pages\/12\/revisions"}],"predecessor-version":[{"id":35,"href":"https:\/\/www.deeptherapya.com\/ru\/wp-json\/wp\/v2\/pages\/12\/revisions\/35"}],"wp:attachment":[{"href":"https:\/\/www.deeptherapya.com\/ru\/wp-json\/wp\/v2\/media?parent=12"}],"curies":[{"name":"wp","href":"https:\/\/api.w.org\/{rel}","templated":true}]}}