{"id":623,"date":"2025-11-21T15:48:36","date_gmt":"2025-11-21T15:48:36","guid":{"rendered":"https:\/\/www.deeptherapya.com\/?page_id=623"},"modified":"2025-12-04T10:31:54","modified_gmt":"2025-12-04T09:31:54","slug":"regalar","status":"publish","type":"page","link":"https:\/\/www.deeptherapya.com\/ru\/regalar\/","title":{"rendered":"\u0421\u0434\u0435\u043b\u0430\u0442\u044c \u043f\u043e\u0434\u0430\u0440\u043e\u043a"},"content":{"rendered":"<style>.elementor-623 .elementor-element.elementor-element-61d40c4{--display:flex;--flex-direction:column;--container-widget-width:100%;--container-widget-height:initial;--container-widget-flex-grow:0;--container-widget-align-self:initial;--flex-wrap-mobile:wrap;--margin-top:0px;--margin-bottom:0px;--margin-left:0px;--margin-right:0px;}.elementor-623 .elementor-element.elementor-element-ab830cf{--display:flex;--flex-direction:row;--container-widget-width:initial;--container-widget-height:100%;--container-widget-flex-grow:1;--container-widget-align-self:stretch;--flex-wrap-mobile:wrap;--margin-top:0px;--margin-bottom:0px;--margin-left:0px;--margin-right:0px;--padding-top:0px;--padding-bottom:0px;--padding-left:0px;--padding-right:0px;}.elementor-623 .elementor-element.elementor-element-0706179{--display:flex;--justify-content:center;}.elementor-623 .elementor-element.elementor-element-e44dce9{text-align:center;}.elementor-623 .elementor-element.elementor-element-7793052 > .elementor-widget-container{padding:0px 0px 0px 0px;}.elementor-623 .elementor-element.elementor-element-7793052{text-align:center;color:#000000;}.elementor-623 .elementor-element.elementor-element-18a8b0a .elementor-button{background-color:var( --e-global-color-primary );border-style:solid;border-width:1px 1px 1px 1px;border-radius:50px 50px 50px 50px;}.elementor-623 .elementor-element.elementor-element-18a8b0a .elementor-button:hover, .elementor-623 .elementor-element.elementor-element-18a8b0a .elementor-button:focus{background-color:var( --e-global-color-a567df4 );color:var( --e-global-color-primary );}.elementor-623 .elementor-element.elementor-element-18a8b0a .elementor-button:hover svg, .elementor-623 .elementor-element.elementor-element-18a8b0a .elementor-button:focus svg{fill:var( --e-global-color-primary );}<\/style>\t\t<div data-elementor-type=\"wp-page\" data-elementor-id=\"623\" class=\"elementor elementor-623\" data-elementor-post-type=\"page\">\n\t\t\t\t<div class=\"elementor-element elementor-element-61d40c4 e-flex e-con-boxed e-con e-parent\" data-id=\"61d40c4\" data-element_type=\"container\">\n\t\t\t\t\t<div class=\"e-con-inner\">\n\t\t<div class=\"elementor-element elementor-element-ab830cf e-con-full e-flex e-con e-child\" data-id=\"ab830cf\" data-element_type=\"container\">\n\t\t<div class=\"elementor-element elementor-element-0706179 e-con-full e-flex e-con e-child\" data-id=\"0706179\" data-element_type=\"container\">\n\t\t\t\t<div class=\"elementor-element elementor-element-e44dce9 elementor-widget elementor-widget-heading\" data-id=\"e44dce9\" data-element_type=\"widget\" data-widget_type=\"heading.default\">\n\t\t\t\t<div class=\"elementor-widget-container\">\n\t\t\t\t\t<h2 class=\"elementor-heading-title elementor-size-default\">\u0421\u0434\u0435\u043b\u0430\u0442\u044c \u043f\u043e\u0434\u0430\u0440\u043e\u043a<\/h2>\t\t\t\t<\/div>\n\t\t\t\t<\/div>\n\t\t\t\t<div class=\"elementor-element elementor-element-7793052 elementor-widget elementor-widget-text-editor\" data-id=\"7793052\" data-element_type=\"widget\" data-widget_type=\"text-editor.default\">\n\t\t\t\t<div class=\"elementor-widget-container\">\n\t\t\t\t\t\t\t\t\t<p>\u041d\u0430\u0441\u0442\u043e\u044f\u0449\u0430\u044f \u0437\u0430\u0431\u043e\u0442\u0430 \u043e \u0441\u0435\u0431\u0435 \u043d\u0430\u0447\u0438\u043d\u0430\u0435\u0442\u0441\u044f, \u043a\u043e\u0433\u0434\u0430 \u043c\u044b \u043f\u043e\u0437\u0432\u043e\u043b\u044f\u0435\u043c \u0441\u0435\u0431\u0435 \u043e\u0441\u0442\u0430\u043d\u043e\u0432\u0438\u0442\u044c\u0441\u044f \u0438 \u043f\u0440\u043e\u0436\u0438\u0442\u044c \u0436\u0438\u0437\u043d\u044c \u0442\u0430\u043a\u043e\u0439, \u043a\u0430\u043a\u0430\u044f \u043e\u043d\u0430 \u0435\u0441\u0442\u044c, \u0437\u0434\u0435\u0441\u044c \u0438 \u0441\u0435\u0439\u0447\u0430\u0441. \u041f\u043e\u0434\u0430\u0440\u0438\u0442\u0435 \u0441\u0435\u0431\u0435 \u0443\u043d\u0438\u043a\u0430\u043b\u044c\u043d\u044b\u0439 \u043c\u043e\u043c\u0435\u043d\u0442: \u043f\u0440\u043e\u0441\u0442\u0440\u0430\u043d\u0441\u0442\u0432\u043e, \u0447\u0442\u043e\u0431\u044b \u0432\u044b\u0434\u043e\u0445\u043d\u0443\u0442\u044c, \u043f\u0440\u0438\u0441\u043b\u0443\u0448\u0430\u0442\u044c\u0441\u044f \u043a \u0441\u0435\u0431\u0435 \u0438 \u043d\u0430\u043f\u043e\u043b\u043d\u0438\u0442\u044c\u0441\u044f \u043d\u043e\u0432\u043e\u0439, \u044f\u0440\u043a\u043e\u0439 \u044d\u043d\u0435\u0440\u0433\u0438\u0435\u0439. \u042d\u0442\u043e \u043e\u0441\u043e\u0431\u043e\u0435 \u043e\u0449\u0443\u0449\u0435\u043d\u0438\u0435 \u0433\u043b\u0443\u0431\u043e\u043a\u043e\u0433\u043e \u0440\u0430\u0441\u0441\u043b\u0430\u0431\u043b\u0435\u043d\u0438\u044f \u0438 \u043d\u0435\u0436\u043d\u043e\u0439 \u0437\u0430\u0431\u043e\u0442\u044b \u043e \u0441\u0435\u0431\u0435 \u2014 \u0438\u0434\u0435\u0430\u043b\u044c\u043d\u044b\u0439 \u043f\u043e\u0434\u0430\u0440\u043e\u043a \u0434\u043b\u044f \u0441\u0435\u0431\u044f \u0438\u043b\u0438 \u0431\u043b\u0438\u0437\u043a\u043e\u0433\u043e \u0447\u0435\u043b\u043e\u0432\u0435\u043a\u0430.<\/p>\t\t\t\t\t\t\t\t<\/div>\n\t\t\t\t<\/div>\n\t\t\t\t<div class=\"elementor-element elementor-element-18a8b0a elementor-align-center elementor-widget elementor-widget-button\" data-id=\"18a8b0a\" data-element_type=\"widget\" data-widget_type=\"button.default\">\n\t\t\t\t<div class=\"elementor-widget-container\">\n\t\t\t\t\t\t\t\t\t<div class=\"elementor-button-wrapper\">\n\t\t\t\t\t<a class=\"elementor-button elementor-button-link elementor-size-sm\" href=\"https:\/\/wa.link\/n3rnsm\">\n\t\t\t\t\t\t<span class=\"elementor-button-content-wrapper\">\n\t\t\t\t\t\t\t\t\t<span class=\"elementor-button-text\">\u041f\u043e\u043b\u0443\u0447\u0438\u0442\u044c \u0441\u0435\u0440\u0442\u0438\u0444\u0438\u043a\u0430\u0442<\/span>\n\t\t\t\t\t<\/span>\n\t\t\t\t\t<\/a>\n\t\t\t\t<\/div>\n\t\t\t\t\t\t\t\t<\/div>\n\t\t\t\t<\/div>\n\t\t\t\t<\/div>\n\t\t\t\t<\/div>\n\t\t\t\t\t<\/div>\n\t\t\t\t<\/div>\n\t\t\t\t<\/div>","protected":false},"excerpt":{"rendered":"<p>Regalar El verdadero cuidado nace cuando nos permitimos detenernos y sentir la vida tal como es, aqu\u00ed y ahora. Regala un momento \u00fanico: un espacio donde exhalar, escucharse y llenarse de nueva energ\u00eda viva. Una experiencia especial de relajaci\u00f3n profunda y de atenci\u00f3n delicada hacia uno mismo \u2014 el regalo perfecto para ti o para&hellip;&nbsp;<a href=\"https:\/\/www.deeptherapya.com\/ru\/regalar\/\" rel=\"bookmark\"><span class=\"screen-reader-text\">\u0421\u0434\u0435\u043b\u0430\u0442\u044c \u043f\u043e\u0434\u0430\u0440\u043e\u043a<\/span><\/a><\/p>","protected":false},"author":1,"featured_media":0,"parent":0,"menu_order":0,"comment_status":"closed","ping_status":"closed","template":"page-templates\/template-pagebuilder-full-width.php","meta":{"neve_meta_sidebar":"","neve_meta_container":"","neve_meta_enable_content_width":"off","neve_meta_content_width":100,"neve_meta_title_alignment":"","neve_meta_author_avatar":"","neve_post_elements_order":"","neve_meta_disable_header":"","neve_meta_disable_footer":"","neve_meta_disable_title":"","_joinchat":[],"footnotes":""},"class_list":["post-623","page","type-page","status-publish","hentry"],"yoast_head":"<!-- This site is optimized with the Yoast SEO plugin v26.5 - https:\/\/yoast.com\/wordpress\/plugins\/seo\/ -->\n<title>Regalar masaje y bienestar | DeepTherapyA<\/title>\n<meta name=\"description\" content=\"Regala una experiencia de masaje y bienestar con sesiones personalizadas DeepTherapyA para relajar el cuerpo y la mente. \u00a1Regala calma!\" \/>\n<meta name=\"robots\" content=\"index, follow, max-snippet:-1, max-image-preview:large, max-video-preview:-1\" \/>\n<link rel=\"canonical\" href=\"https:\/\/www.deeptherapya.com\/ru\/regalar\/\" \/>\n<meta property=\"og:locale\" content=\"ru_RU\" \/>\n<meta property=\"og:type\" content=\"article\" \/>\n<meta property=\"og:title\" content=\"Regalar masaje y bienestar | DeepTherapyA\" \/>\n<meta property=\"og:description\" content=\"Regala una experiencia de masaje y bienestar con sesiones personalizadas DeepTherapyA para relajar el cuerpo y la mente. \u00a1Regala calma!\" \/>\n<meta property=\"og:url\" content=\"https:\/\/www.deeptherapya.com\/ru\/regalar\/\" \/>\n<meta property=\"og:site_name\" content=\"Deeptherapya\" \/>\n<meta property=\"article:modified_time\" content=\"2025-12-04T09:31:54+00:00\" \/>\n<meta name=\"twitter:card\" content=\"summary_large_image\" \/>\n<meta name=\"twitter:label1\" content=\"\u041f\u0440\u0438\u043c\u0435\u0440\u043d\u043e\u0435 \u0432\u0440\u0435\u043c\u044f \u0434\u043b\u044f \u0447\u0442\u0435\u043d\u0438\u044f\" \/>\n\t<meta name=\"twitter:data1\" content=\"1 \u043c\u0438\u043d\u0443\u0442\u0430\" \/>\n<script type=\"application\/ld+json\" class=\"yoast-schema-graph\">{\"@context\":\"https:\/\/schema.org\",\"@graph\":[{\"@type\":\"WebPage\",\"@id\":\"https:\/\/www.deeptherapya.com\/regalar\/\",\"url\":\"https:\/\/www.deeptherapya.com\/regalar\/\",\"name\":\"Regalar masaje y bienestar | DeepTherapyA\",\"isPartOf\":{\"@id\":\"https:\/\/www.deeptherapya.com\/#website\"},\"datePublished\":\"2025-11-21T15:48:36+00:00\",\"dateModified\":\"2025-12-04T09:31:54+00:00\",\"description\":\"Regala una experiencia de masaje y bienestar con sesiones personalizadas DeepTherapyA para relajar el cuerpo y la mente. \u00a1Regala calma!\",\"breadcrumb\":{\"@id\":\"https:\/\/www.deeptherapya.com\/regalar\/#breadcrumb\"},\"inLanguage\":\"ru-RU\",\"potentialAction\":[{\"@type\":\"ReadAction\",\"target\":[\"https:\/\/www.deeptherapya.com\/regalar\/\"]}]},{\"@type\":\"BreadcrumbList\",\"@id\":\"https:\/\/www.deeptherapya.com\/regalar\/#breadcrumb\",\"itemListElement\":[{\"@type\":\"ListItem\",\"position\":1,\"name\":\"Portada\",\"item\":\"https:\/\/www.deeptherapya.com\/\"},{\"@type\":\"ListItem\",\"position\":2,\"name\":\"Regalar\"}]},{\"@type\":\"WebSite\",\"@id\":\"https:\/\/www.deeptherapya.com\/#website\",\"url\":\"https:\/\/www.deeptherapya.com\/\",\"name\":\"Deeptherapya\",\"description\":\"Masajes energ\u00e9ticos y terap\u00e9uticos, te ayudo a conectar con tu cuerpo y tu interior.\",\"potentialAction\":[{\"@type\":\"SearchAction\",\"target\":{\"@type\":\"EntryPoint\",\"urlTemplate\":\"https:\/\/www.deeptherapya.com\/?s={search_term_string}\"},\"query-input\":{\"@type\":\"PropertyValueSpecification\",\"valueRequired\":true,\"valueName\":\"search_term_string\"}}],\"inLanguage\":\"ru-RU\"}]}<\/script>\n<!-- \/ Yoast SEO plugin. -->","yoast_head_json":{"title":"Regalar masaje y bienestar | DeepTherapyA","description":"Regala una experiencia de masaje y bienestar con sesiones personalizadas DeepTherapyA para relajar el cuerpo y la mente. \u00a1Regala calma!","robots":{"index":"index","follow":"follow","max-snippet":"max-snippet:-1","max-image-preview":"max-image-preview:large","max-video-preview":"max-video-preview:-1"},"canonical":"https:\/\/www.deeptherapya.com\/ru\/regalar\/","og_locale":"ru_RU","og_type":"article","og_title":"Regalar masaje y bienestar | DeepTherapyA","og_description":"Regala una experiencia de masaje y bienestar con sesiones personalizadas DeepTherapyA para relajar el cuerpo y la mente. \u00a1Regala calma!","og_url":"https:\/\/www.deeptherapya.com\/ru\/regalar\/","og_site_name":"Deeptherapya","article_modified_time":"2025-12-04T09:31:54+00:00","twitter_card":"summary_large_image","twitter_misc":{"\u041f\u0440\u0438\u043c\u0435\u0440\u043d\u043e\u0435 \u0432\u0440\u0435\u043c\u044f \u0434\u043b\u044f \u0447\u0442\u0435\u043d\u0438\u044f":"1 \u043c\u0438\u043d\u0443\u0442\u0430"},"schema":{"@context":"https:\/\/schema.org","@graph":[{"@type":"WebPage","@id":"https:\/\/www.deeptherapya.com\/regalar\/","url":"https:\/\/www.deeptherapya.com\/regalar\/","name":"Regalar masaje y bienestar | DeepTherapyA","isPartOf":{"@id":"https:\/\/www.deeptherapya.com\/#website"},"datePublished":"2025-11-21T15:48:36+00:00","dateModified":"2025-12-04T09:31:54+00:00","description":"Regala una experiencia de masaje y bienestar con sesiones personalizadas DeepTherapyA para relajar el cuerpo y la mente. \u00a1Regala calma!","breadcrumb":{"@id":"https:\/\/www.deeptherapya.com\/regalar\/#breadcrumb"},"inLanguage":"ru-RU","potentialAction":[{"@type":"ReadAction","target":["https:\/\/www.deeptherapya.com\/regalar\/"]}]},{"@type":"BreadcrumbList","@id":"https:\/\/www.deeptherapya.com\/regalar\/#breadcrumb","itemListElement":[{"@type":"ListItem","position":1,"name":"Portada","item":"https:\/\/www.deeptherapya.com\/"},{"@type":"ListItem","position":2,"name":"Regalar"}]},{"@type":"WebSite","@id":"https:\/\/www.deeptherapya.com\/#website","url":"https:\/\/www.deeptherapya.com\/","name":"\u0413\u043b\u0443\u0431\u043e\u043a\u0430\u044f \u0442\u0435\u0440\u0430\u043f\u0438\u044f","description":"Masajes energ\u00e9ticos y terap\u00e9uticos, te ayudo a conectar con tu cuerpo y tu interior.","potentialAction":[{"@type":"SearchAction","target":{"@type":"EntryPoint","urlTemplate":"https:\/\/www.deeptherapya.com\/?s={search_term_string}"},"query-input":{"@type":"PropertyValueSpecification","valueRequired":true,"valueName":"search_term_string"}}],"inLanguage":"ru-RU"}]}},"_links":{"self":[{"href":"https:\/\/www.deeptherapya.com\/ru\/wp-json\/wp\/v2\/pages\/623","targetHints":{"allow":["GET"]}}],"collection":[{"href":"https:\/\/www.deeptherapya.com\/ru\/wp-json\/wp\/v2\/pages"}],"about":[{"href":"https:\/\/www.deeptherapya.com\/ru\/wp-json\/wp\/v2\/types\/page"}],"author":[{"embeddable":true,"href":"https:\/\/www.deeptherapya.com\/ru\/wp-json\/wp\/v2\/users\/1"}],"replies":[{"embeddable":true,"href":"https:\/\/www.deeptherapya.com\/ru\/wp-json\/wp\/v2\/comments?post=623"}],"version-history":[{"count":5,"href":"https:\/\/www.deeptherapya.com\/ru\/wp-json\/wp\/v2\/pages\/623\/revisions"}],"predecessor-version":[{"id":925,"href":"https:\/\/www.deeptherapya.com\/ru\/wp-json\/wp\/v2\/pages\/623\/revisions\/925"}],"wp:attachment":[{"href":"https:\/\/www.deeptherapya.com\/ru\/wp-json\/wp\/v2\/media?parent=623"}],"curies":[{"name":"wp","href":"https:\/\/api.w.org\/{rel}","templated":true}]}}