{"id":656,"date":"2025-11-21T16:45:31","date_gmt":"2025-11-21T16:45:31","guid":{"rendered":"https:\/\/www.deeptherapya.com\/?page_id=656"},"modified":"2026-04-15T09:36:53","modified_gmt":"2026-04-15T08:36:53","slug":"curso-online","status":"publish","type":"page","link":"https:\/\/www.deeptherapya.com\/ru\/curso-online\/","title":{"rendered":"\u041e\u043d\u043b\u0430\u0439\u043d-\u043a\u0443\u0440\u0441"},"content":{"rendered":"<style>.elementor-656 .elementor-element.elementor-element-33a979e4{--display:flex;--flex-direction:column;--container-widget-width:100%;--container-widget-height:initial;--container-widget-flex-grow:0;--container-widget-align-self:initial;--flex-wrap-mobile:wrap;--margin-top:50px;--margin-bottom:100px;--margin-left:0px;--margin-right:0px;}.elementor-656 .elementor-element.elementor-element-7f508602{--display:flex;--overlay-opacity:0.5;--padding-top:50px;--padding-bottom:50px;--padding-left:50px;--padding-right:50px;}.elementor-656 .elementor-element.elementor-element-7f508602:not(.elementor-motion-effects-element-type-background), .elementor-656 .elementor-element.elementor-element-7f508602 > .elementor-motion-effects-container > .elementor-motion-effects-layer{background-image:url(\"https:\/\/www.deeptherapya.com\/wp-content\/uploads\/2025\/11\/Pagina2Curso-online-.jpg\");background-position:center center;background-repeat:no-repeat;background-size:cover;}.elementor-656 .elementor-element.elementor-element-7f508602::before, .elementor-656 .elementor-element.elementor-element-7f508602 > .elementor-background-video-container::before, .elementor-656 .elementor-element.elementor-element-7f508602 > .e-con-inner > .elementor-background-video-container::before, .elementor-656 .elementor-element.elementor-element-7f508602 > .elementor-background-slideshow::before, .elementor-656 .elementor-element.elementor-element-7f508602 > .e-con-inner > .elementor-background-slideshow::before, .elementor-656 .elementor-element.elementor-element-7f508602 > .elementor-motion-effects-container > .elementor-motion-effects-layer::before{background-color:var( --e-global-color-4a5499b );--background-overlay:'';}.elementor-656 .elementor-element.elementor-element-6598ee2c{--spacer-size:50px;}.elementor-656 .elementor-element.elementor-element-52f36160{text-align:center;}.elementor-656 .elementor-element.elementor-element-52f36160 .elementor-heading-title{color:var( --e-global-color-a567df4 );}.elementor-656 .elementor-element.elementor-element-1b7a99a{text-align:center;}.elementor-656 .elementor-element.elementor-element-1b7a99a .elementor-heading-title{color:#FFFFFF;}.elementor-656 .elementor-element.elementor-element-851ff1e > .elementor-widget-container{margin:0px 0px -30px 0px;}.elementor-656 .elementor-element.elementor-element-851ff1e{text-align:center;color:#FFFFFF;}.elementor-656 .elementor-element.elementor-element-851ff1e a{color:#FFFFFF;}.elementor-656 .elementor-element.elementor-element-1ef03711{width:var( --container-widget-width, 90% );max-width:90%;--container-widget-width:90%;--container-widget-flex-grow:0;--e-form-steps-indicators-spacing:20px;--e-form-steps-indicator-padding:30px;--e-form-steps-indicator-inactive-secondary-color:#ffffff;--e-form-steps-indicator-active-secondary-color:#ffffff;--e-form-steps-indicator-completed-secondary-color:#ffffff;--e-form-steps-divider-width:1px;--e-form-steps-divider-gap:10px;}.elementor-656 .elementor-element.elementor-element-1ef03711.elementor-element{--align-self:center;}.elementor-656 .elementor-element.elementor-element-1ef03711 .elementor-field-group{padding-right:calc( 10px\/2 );padding-left:calc( 10px\/2 );margin-bottom:10px;}.elementor-656 .elementor-element.elementor-element-1ef03711 .elementor-form-fields-wrapper{margin-left:calc( -10px\/2 );margin-right:calc( -10px\/2 );margin-bottom:-10px;}.elementor-656 .elementor-element.elementor-element-1ef03711 .elementor-field-group.recaptcha_v3-bottomleft, .elementor-656 .elementor-element.elementor-element-1ef03711 .elementor-field-group.recaptcha_v3-bottomright{margin-bottom:0;}body.rtl .elementor-656 .elementor-element.elementor-element-1ef03711 .elementor-labels-inline .elementor-field-group > label{padding-left:0px;}body:not(.rtl) .elementor-656 .elementor-element.elementor-element-1ef03711 .elementor-labels-inline .elementor-field-group > label{padding-right:0px;}body .elementor-656 .elementor-element.elementor-element-1ef03711 .elementor-labels-above .elementor-field-group > label{padding-bottom:0px;}.elementor-656 .elementor-element.elementor-element-1ef03711 .elementor-field-group > label, .elementor-656 .elementor-element.elementor-element-1ef03711 .elementor-field-subgroup label{color:var( --e-global-color-a567df4 );}.elementor-656 .elementor-element.elementor-element-1ef03711 .elementor-field-type-html{padding-bottom:0px;}.elementor-656 .elementor-element.elementor-element-1ef03711 .elementor-field-group .elementor-field:not(.elementor-select-wrapper){background-color:#ffffff;border-radius:25px 25px 25px 25px;}.elementor-656 .elementor-element.elementor-element-1ef03711 .elementor-field-group .elementor-select-wrapper select{background-color:#ffffff;border-radius:25px 25px 25px 25px;}.elementor-656 .elementor-element.elementor-element-1ef03711 .e-form__buttons__wrapper__button-next{background-color:var( --e-global-color-a567df4 );color:var( --e-global-color-primary );}.elementor-656 .elementor-element.elementor-element-1ef03711 .elementor-button[type=\"submit\"]{background-color:var( --e-global-color-a567df4 );color:var( --e-global-color-primary );}.elementor-656 .elementor-element.elementor-element-1ef03711 .elementor-button[type=\"submit\"] svg *{fill:var( --e-global-color-primary );}.elementor-656 .elementor-element.elementor-element-1ef03711 .e-form__buttons__wrapper__button-previous{background-color:var( --e-global-color-a567df4 );color:var( --e-global-color-primary );}.elementor-656 .elementor-element.elementor-element-1ef03711 .e-form__buttons__wrapper__button-next:hover{background-color:var( --e-global-color-4a5499b );color:var( --e-global-color-a567df4 );}.elementor-656 .elementor-element.elementor-element-1ef03711 .elementor-button[type=\"submit\"]:hover{background-color:var( --e-global-color-4a5499b );color:var( --e-global-color-a567df4 );}.elementor-656 .elementor-element.elementor-element-1ef03711 .elementor-button[type=\"submit\"]:hover svg *{fill:var( --e-global-color-a567df4 );}.elementor-656 .elementor-element.elementor-element-1ef03711 .e-form__buttons__wrapper__button-previous:hover{color:#ffffff;}.elementor-656 .elementor-element.elementor-element-1ef03711 .elementor-button{border-radius:25px 25px 25px 25px;}.elementor-656 .elementor-element.elementor-element-58bf1e6c{--spacer-size:50px;}<\/style>\t\t<div data-elementor-type=\"wp-page\" data-elementor-id=\"656\" class=\"elementor elementor-656\" data-elementor-post-type=\"page\">\n\t\t\t\t<div class=\"elementor-element elementor-element-33a979e4 e-flex e-con-boxed e-con e-parent\" data-id=\"33a979e4\" data-element_type=\"container\">\n\t\t\t\t\t<div class=\"e-con-inner\">\n\t\t<div class=\"elementor-element elementor-element-7f508602 e-con-full e-flex e-con e-child\" data-id=\"7f508602\" data-element_type=\"container\" data-settings=\"{&quot;background_background&quot;:&quot;classic&quot;}\">\n\t\t\t\t<div class=\"elementor-element elementor-element-6598ee2c elementor-widget elementor-widget-spacer\" data-id=\"6598ee2c\" data-element_type=\"widget\" data-widget_type=\"spacer.default\">\n\t\t\t\t<div class=\"elementor-widget-container\">\n\t\t\t\t\t\t\t<div class=\"elementor-spacer\">\n\t\t\t<div class=\"elementor-spacer-inner\"><\/div>\n\t\t<\/div>\n\t\t\t\t\t\t<\/div>\n\t\t\t\t<\/div>\n\t\t\t\t<div class=\"elementor-element elementor-element-52f36160 elementor-widget elementor-widget-heading\" data-id=\"52f36160\" data-element_type=\"widget\" data-widget_type=\"heading.default\">\n\t\t\t\t<div class=\"elementor-widget-container\">\n\t\t\t\t\t<h2 class=\"elementor-heading-title elementor-size-default\">\u041e\u043d\u043b\u0430\u0439\u043d-\u043a\u0443\u0440\u0441<\/h2>\t\t\t\t<\/div>\n\t\t\t\t<\/div>\n\t\t\t\t<div class=\"elementor-element elementor-element-1b7a99a elementor-widget elementor-widget-heading\" data-id=\"1b7a99a\" data-element_type=\"widget\" data-widget_type=\"heading.default\">\n\t\t\t\t<div class=\"elementor-widget-container\">\n\t\t\t\t\t<h5 class=\"elementor-heading-title elementor-size-default\">EN PROCESO DE CREACI\u00d3N<\/h5>\t\t\t\t<\/div>\n\t\t\t\t<\/div>\n\t\t\t\t<div class=\"elementor-element elementor-element-851ff1e elementor-widget elementor-widget-text-editor\" data-id=\"851ff1e\" data-element_type=\"widget\" data-widget_type=\"text-editor.default\">\n\t\t\t\t<div class=\"elementor-widget-container\">\n\t\t\t\t\t\t\t\t\t<p data-start=\"239\" data-end=\"489\">Reg\u00edstrate para recibir informaci\u00f3n sobre pr\u00f3ximas formaciones y todas las novedades antes que nadie.<\/p>\t\t\t\t\t\t\t\t<\/div>\n\t\t\t\t<\/div>\n\t\t\t\t<div class=\"elementor-element elementor-element-1ef03711 elementor-widget__width-initial elementor-button-align-stretch elementor-widget elementor-widget-form\" data-id=\"1ef03711\" data-element_type=\"widget\" data-settings=\"{&quot;step_next_label&quot;:&quot;Siguiente&quot;,&quot;step_previous_label&quot;:&quot;Anterior&quot;,&quot;button_width&quot;:&quot;100&quot;,&quot;step_type&quot;:&quot;number_text&quot;,&quot;step_icon_shape&quot;:&quot;circle&quot;}\" data-widget_type=\"form.default\">\n\t\t\t\t<div class=\"elementor-widget-container\">\n\t\t\t\t\t\t\t<form class=\"elementor-form\" method=\"post\" name=\"Nuevo formulario\" aria-label=\"\u041d\u043e\u0432\u0430\u044f \u0444\u043e\u0440\u043c\u0430\" action=\"\">\n\t\t\t<input type=\"hidden\" name=\"post_id\" value=\"656\"\/>\n\t\t\t<input type=\"hidden\" name=\"form_id\" value=\"1ef03711\"\/>\n\t\t\t<input type=\"hidden\" name=\"referer_title\" value=\"Deeptherapya\" \/>\n\n\t\t\t\n\t\t\t<div class=\"elementor-form-fields-wrapper elementor-labels-\">\n\t\t\t\t\t\t\t\t<div class=\"elementor-field-type-text elementor-field-group elementor-column elementor-field-group-name elementor-col-100\">\n\t\t\t\t\t\t\t\t\t\t\t\t<label for=\"form-field-name\" class=\"elementor-field-label elementor-screen-only\">\n\t\t\t\t\t\t\t\t\u0418\u043c\u044f\t\t\t\t\t\t\t<\/label>\n\t\t\t\t\t\t\t\t\t\t\t\t\t\t<input size=\"1\" type=\"text\" name=\"form_fields[name]\" id=\"form-field-name\" class=\"elementor-field elementor-size-sm  elementor-field-textual\" placeholder=\"\u0418\u043c\u044f\">\n\t\t\t\t\t\t\t\t\t\t\t<\/div>\n\t\t\t\t\t\t\t\t<div class=\"elementor-field-type-tel elementor-field-group elementor-column elementor-field-group-field_126c418 elementor-col-100 elementor-field-required\">\n\t\t\t\t\t\t\t\t\t\t\t\t<label for=\"form-field-field_126c418\" class=\"elementor-field-label elementor-screen-only\">\n\t\t\t\t\t\t\t\t\u0422\u0435\u043b\u0435\u0444\u043e\u043d\t\t\t\t\t\t\t<\/label>\n\t\t\t\t\t\t\t\t<input size=\"1\" type=\"tel\" name=\"form_fields[field_126c418]\" id=\"form-field-field_126c418\" class=\"elementor-field elementor-size-sm  elementor-field-textual\" placeholder=\"\u0422\u0435\u043b\u0435\u0444\u043e\u043d\" required=\"required\" pattern=\"[0-9()#&amp;+*-=.]+\" title=\"\u041f\u0440\u0438\u043d\u0438\u043c\u0430\u044e\u0442\u0441\u044f \u0442\u043e\u043b\u044c\u043a\u043e \u0446\u0438\u0444\u0440\u044b \u0438 \u0442\u0435\u043b\u0435\u0444\u043e\u043d\u043d\u044b\u0435 \u0441\u0438\u043c\u0432\u043e\u043b\u044b (#, -, * \u0438 \u0442. \u0434.).\">\n\n\t\t\t\t\t\t<\/div>\n\t\t\t\t\t\t\t\t<div class=\"elementor-field-type-email elementor-field-group elementor-column elementor-field-group-email elementor-col-100 elementor-field-required\">\n\t\t\t\t\t\t\t\t\t\t\t\t<label for=\"form-field-email\" class=\"elementor-field-label elementor-screen-only\">\n\t\t\t\t\t\t\t\t\u042d\u043b\u0435\u043a\u0442\u0440\u043e\u043d\u043d\u0430\u044f \u043f\u043e\u0447\u0442\u0430\t\t\t\t\t\t\t<\/label>\n\t\t\t\t\t\t\t\t\t\t\t\t\t\t<input size=\"1\" type=\"email\" name=\"form_fields[email]\" id=\"form-field-email\" class=\"elementor-field elementor-size-sm  elementor-field-textual\" placeholder=\"\u042d\u043b\u0435\u043a\u0442\u0440\u043e\u043d\u043d\u0430\u044f \u043f\u043e\u0447\u0442\u0430\" required=\"required\">\n\t\t\t\t\t\t\t\t\t\t\t<\/div>\n\t\t\t\t\t\t\t\t<div class=\"elementor-field-type-acceptance elementor-field-group elementor-column elementor-field-group-field_7d7d858 elementor-col-100 elementor-field-required\">\n\t\t\t\t\t\t\t<div class=\"elementor-field-subgroup\">\n\t\t\t<span class=\"elementor-field-option\">\n\t\t\t\t<input type=\"checkbox\" name=\"form_fields[field_7d7d858]\" id=\"form-field-field_7d7d858\" class=\"elementor-field elementor-size-sm  elementor-acceptance-field\" required=\"required\">\n\t\t\t\t<label for=\"form-field-field_7d7d858\">\u042f \u043f\u0440\u043e\u0447\u0438\u0442\u0430\u043b(\u0430) \u0438 \u0441\u043e\u0433\u043b\u0430\u0441\u0435\u043d(\u043d\u0430) \u0441 \u043f\u043e\u043b\u0438\u0442\u0438\u043a\u043e\u0439 \u043a\u043e\u043d\u0444\u0438\u0434\u0435\u043d\u0446\u0438\u0430\u043b\u044c\u043d\u043e\u0441\u0442\u0438.<\/label>\t\t\t<\/span>\n\t\t<\/div>\n\t\t\t\t\t\t<\/div>\n\t\t\t\t\t\t\t\t<div class=\"elementor-field-group elementor-column elementor-field-type-submit elementor-col-100 e-form__buttons\">\n\t\t\t\t\t<button class=\"elementor-button elementor-size-sm\" type=\"submit\">\n\t\t\t\t\t\t<span class=\"elementor-button-content-wrapper\">\n\t\t\t\t\t\t\t\t\t\t\t\t\t\t\t\t\t\t\t\t\t\t<span class=\"elementor-button-text\">\u041e\u0442\u043f\u0440\u0430\u0432\u0438\u0442\u044c<\/span>\n\t\t\t\t\t\t\t\t\t\t\t\t\t<\/span>\n\t\t\t\t\t<\/button>\n\t\t\t\t<\/div>\n\t\t\t<\/div>\n\t\t<input type=\"hidden\" name=\"trp-form-language\" value=\"ru\"\/><\/form>\n\t\t\t\t\t\t<\/div>\n\t\t\t\t<\/div>\n\t\t\t\t<div class=\"elementor-element elementor-element-58bf1e6c elementor-widget elementor-widget-spacer\" data-id=\"58bf1e6c\" data-element_type=\"widget\" data-widget_type=\"spacer.default\">\n\t\t\t\t<div class=\"elementor-widget-container\">\n\t\t\t\t\t\t\t<div class=\"elementor-spacer\">\n\t\t\t<div class=\"elementor-spacer-inner\"><\/div>\n\t\t<\/div>\n\t\t\t\t\t\t<\/div>\n\t\t\t\t<\/div>\n\t\t\t\t<\/div>\n\t\t\t\t\t<\/div>\n\t\t\t\t<\/div>\n\t\t\t\t<\/div>","protected":false},"excerpt":{"rendered":"<p>Curso online EN PROCESO DE CREACI\u00d3N Reg\u00edstrate para recibir informaci\u00f3n sobre pr\u00f3ximas formaciones y todas las novedades antes que nadie.<\/p>","protected":false},"author":1,"featured_media":942,"parent":0,"menu_order":0,"comment_status":"closed","ping_status":"closed","template":"page-templates\/template-pagebuilder-full-width.php","meta":{"neve_meta_sidebar":"","neve_meta_container":"","neve_meta_enable_content_width":"off","neve_meta_content_width":100,"neve_meta_title_alignment":"","neve_meta_author_avatar":"","neve_post_elements_order":"","neve_meta_disable_header":"","neve_meta_disable_footer":"","neve_meta_disable_title":"","_joinchat":[],"footnotes":""},"class_list":["post-656","page","type-page","status-publish","has-post-thumbnail","hentry"],"yoast_head":"<!-- This site is optimized with the Yoast SEO plugin v26.5 - https:\/\/yoast.com\/wordpress\/plugins\/seo\/ -->\n<title>Curso online DeepTherapyA | Masaje y cuerpo<\/title>\n<meta name=\"description\" content=\"Formaci\u00f3n online DeepTherapyA: aprende masaje consciente y reconexi\u00f3n corporal desde casa. \u00a1Empieza tu transformaci\u00f3n hoy!\" \/>\n<meta name=\"robots\" content=\"index, follow, max-snippet:-1, max-image-preview:large, max-video-preview:-1\" \/>\n<link rel=\"canonical\" href=\"https:\/\/www.deeptherapya.com\/ru\/curso-online\/\" \/>\n<meta property=\"og:locale\" content=\"ru_RU\" \/>\n<meta property=\"og:type\" content=\"article\" \/>\n<meta property=\"og:title\" content=\"Curso online DeepTherapyA | Masaje y cuerpo\" \/>\n<meta property=\"og:description\" content=\"Formaci\u00f3n online DeepTherapyA: aprende masaje consciente y reconexi\u00f3n corporal desde casa. \u00a1Empieza tu transformaci\u00f3n hoy!\" \/>\n<meta property=\"og:url\" content=\"https:\/\/www.deeptherapya.com\/ru\/curso-online\/\" \/>\n<meta property=\"og:site_name\" content=\"Deeptherapya\" \/>\n<meta property=\"article:modified_time\" content=\"2026-04-15T08:36:53+00:00\" \/>\n<meta property=\"og:image\" content=\"https:\/\/www.deeptherapya.com\/wp-content\/uploads\/2025\/12\/Masaje-energetico-kundalini.jpg\" \/>\n\t<meta property=\"og:image:width\" content=\"1707\" \/>\n\t<meta property=\"og:image:height\" content=\"2560\" \/>\n\t<meta property=\"og:image:type\" content=\"image\/jpeg\" \/>\n<meta name=\"twitter:card\" content=\"summary_large_image\" \/>\n<meta name=\"twitter:label1\" content=\"\u041f\u0440\u0438\u043c\u0435\u0440\u043d\u043e\u0435 \u0432\u0440\u0435\u043c\u044f \u0434\u043b\u044f \u0447\u0442\u0435\u043d\u0438\u044f\" \/>\n\t<meta name=\"twitter:data1\" content=\"1 \u043c\u0438\u043d\u0443\u0442\u0430\" \/>\n<script type=\"application\/ld+json\" class=\"yoast-schema-graph\">{\"@context\":\"https:\/\/schema.org\",\"@graph\":[{\"@type\":\"WebPage\",\"@id\":\"https:\/\/www.deeptherapya.com\/curso-online\/\",\"url\":\"https:\/\/www.deeptherapya.com\/curso-online\/\",\"name\":\"Curso online DeepTherapyA | Masaje y cuerpo\",\"isPartOf\":{\"@id\":\"https:\/\/www.deeptherapya.com\/#website\"},\"primaryImageOfPage\":{\"@id\":\"https:\/\/www.deeptherapya.com\/curso-online\/#primaryimage\"},\"image\":{\"@id\":\"https:\/\/www.deeptherapya.com\/curso-online\/#primaryimage\"},\"thumbnailUrl\":\"https:\/\/www.deeptherapya.com\/wp-content\/uploads\/2025\/12\/Masaje-energetico-kundalini.jpg\",\"datePublished\":\"2025-11-21T16:45:31+00:00\",\"dateModified\":\"2026-04-15T08:36:53+00:00\",\"description\":\"Formaci\u00f3n online DeepTherapyA: aprende masaje consciente y reconexi\u00f3n corporal desde casa. \u00a1Empieza tu transformaci\u00f3n hoy!\",\"breadcrumb\":{\"@id\":\"https:\/\/www.deeptherapya.com\/curso-online\/#breadcrumb\"},\"inLanguage\":\"ru-RU\",\"potentialAction\":[{\"@type\":\"ReadAction\",\"target\":[\"https:\/\/www.deeptherapya.com\/curso-online\/\"]}]},{\"@type\":\"ImageObject\",\"inLanguage\":\"ru-RU\",\"@id\":\"https:\/\/www.deeptherapya.com\/curso-online\/#primaryimage\",\"url\":\"https:\/\/www.deeptherapya.com\/wp-content\/uploads\/2025\/12\/Masaje-energetico-kundalini.jpg\",\"contentUrl\":\"https:\/\/www.deeptherapya.com\/wp-content\/uploads\/2025\/12\/Masaje-energetico-kundalini.jpg\",\"width\":1707,\"height\":2560},{\"@type\":\"BreadcrumbList\",\"@id\":\"https:\/\/www.deeptherapya.com\/curso-online\/#breadcrumb\",\"itemListElement\":[{\"@type\":\"ListItem\",\"position\":1,\"name\":\"Portada\",\"item\":\"https:\/\/www.deeptherapya.com\/\"},{\"@type\":\"ListItem\",\"position\":2,\"name\":\"Curso online\"}]},{\"@type\":\"WebSite\",\"@id\":\"https:\/\/www.deeptherapya.com\/#website\",\"url\":\"https:\/\/www.deeptherapya.com\/\",\"name\":\"Deeptherapya\",\"description\":\"Masajes energ\u00e9ticos y terap\u00e9uticos, te ayudo a conectar con tu cuerpo y tu interior.\",\"potentialAction\":[{\"@type\":\"SearchAction\",\"target\":{\"@type\":\"EntryPoint\",\"urlTemplate\":\"https:\/\/www.deeptherapya.com\/?s={search_term_string}\"},\"query-input\":{\"@type\":\"PropertyValueSpecification\",\"valueRequired\":true,\"valueName\":\"search_term_string\"}}],\"inLanguage\":\"ru-RU\"}]}<\/script>\n<!-- \/ Yoast SEO plugin. -->","yoast_head_json":{"title":"Curso online DeepTherapyA | Masaje y cuerpo","description":"Formaci\u00f3n online DeepTherapyA: aprende masaje consciente y reconexi\u00f3n corporal desde casa. \u00a1Empieza tu transformaci\u00f3n hoy!","robots":{"index":"index","follow":"follow","max-snippet":"max-snippet:-1","max-image-preview":"max-image-preview:large","max-video-preview":"max-video-preview:-1"},"canonical":"https:\/\/www.deeptherapya.com\/ru\/curso-online\/","og_locale":"ru_RU","og_type":"article","og_title":"Curso online DeepTherapyA | Masaje y cuerpo","og_description":"Formaci\u00f3n online DeepTherapyA: aprende masaje consciente y reconexi\u00f3n corporal desde casa. \u00a1Empieza tu transformaci\u00f3n hoy!","og_url":"https:\/\/www.deeptherapya.com\/ru\/curso-online\/","og_site_name":"Deeptherapya","article_modified_time":"2026-04-15T08:36:53+00:00","og_image":[{"width":1707,"height":2560,"url":"https:\/\/www.deeptherapya.com\/wp-content\/uploads\/2025\/12\/Masaje-energetico-kundalini.jpg","type":"image\/jpeg"}],"twitter_card":"summary_large_image","twitter_misc":{"\u041f\u0440\u0438\u043c\u0435\u0440\u043d\u043e\u0435 \u0432\u0440\u0435\u043c\u044f \u0434\u043b\u044f \u0447\u0442\u0435\u043d\u0438\u044f":"1 \u043c\u0438\u043d\u0443\u0442\u0430"},"schema":{"@context":"https:\/\/schema.org","@graph":[{"@type":"WebPage","@id":"https:\/\/www.deeptherapya.com\/curso-online\/","url":"https:\/\/www.deeptherapya.com\/curso-online\/","name":"Curso online DeepTherapyA | Masaje y cuerpo","isPartOf":{"@id":"https:\/\/www.deeptherapya.com\/#website"},"primaryImageOfPage":{"@id":"https:\/\/www.deeptherapya.com\/curso-online\/#primaryimage"},"image":{"@id":"https:\/\/www.deeptherapya.com\/curso-online\/#primaryimage"},"thumbnailUrl":"https:\/\/www.deeptherapya.com\/wp-content\/uploads\/2025\/12\/Masaje-energetico-kundalini.jpg","datePublished":"2025-11-21T16:45:31+00:00","dateModified":"2026-04-15T08:36:53+00:00","description":"Formaci\u00f3n online DeepTherapyA: aprende masaje consciente y reconexi\u00f3n corporal desde casa. \u00a1Empieza tu transformaci\u00f3n hoy!","breadcrumb":{"@id":"https:\/\/www.deeptherapya.com\/curso-online\/#breadcrumb"},"inLanguage":"ru-RU","potentialAction":[{"@type":"ReadAction","target":["https:\/\/www.deeptherapya.com\/curso-online\/"]}]},{"@type":"ImageObject","inLanguage":"ru-RU","@id":"https:\/\/www.deeptherapya.com\/curso-online\/#primaryimage","url":"https:\/\/www.deeptherapya.com\/wp-content\/uploads\/2025\/12\/Masaje-energetico-kundalini.jpg","contentUrl":"https:\/\/www.deeptherapya.com\/wp-content\/uploads\/2025\/12\/Masaje-energetico-kundalini.jpg","width":1707,"height":2560},{"@type":"BreadcrumbList","@id":"https:\/\/www.deeptherapya.com\/curso-online\/#breadcrumb","itemListElement":[{"@type":"ListItem","position":1,"name":"Portada","item":"https:\/\/www.deeptherapya.com\/"},{"@type":"ListItem","position":2,"name":"Curso online"}]},{"@type":"WebSite","@id":"https:\/\/www.deeptherapya.com\/#website","url":"https:\/\/www.deeptherapya.com\/","name":"\u0413\u043b\u0443\u0431\u043e\u043a\u0430\u044f \u0442\u0435\u0440\u0430\u043f\u0438\u044f","description":"Masajes energ\u00e9ticos y terap\u00e9uticos, te ayudo a conectar con tu cuerpo y tu interior.","potentialAction":[{"@type":"SearchAction","target":{"@type":"EntryPoint","urlTemplate":"https:\/\/www.deeptherapya.com\/?s={search_term_string}"},"query-input":{"@type":"PropertyValueSpecification","valueRequired":true,"valueName":"search_term_string"}}],"inLanguage":"ru-RU"}]}},"_links":{"self":[{"href":"https:\/\/www.deeptherapya.com\/ru\/wp-json\/wp\/v2\/pages\/656","targetHints":{"allow":["GET"]}}],"collection":[{"href":"https:\/\/www.deeptherapya.com\/ru\/wp-json\/wp\/v2\/pages"}],"about":[{"href":"https:\/\/www.deeptherapya.com\/ru\/wp-json\/wp\/v2\/types\/page"}],"author":[{"embeddable":true,"href":"https:\/\/www.deeptherapya.com\/ru\/wp-json\/wp\/v2\/users\/1"}],"replies":[{"embeddable":true,"href":"https:\/\/www.deeptherapya.com\/ru\/wp-json\/wp\/v2\/comments?post=656"}],"version-history":[{"count":14,"href":"https:\/\/www.deeptherapya.com\/ru\/wp-json\/wp\/v2\/pages\/656\/revisions"}],"predecessor-version":[{"id":938,"href":"https:\/\/www.deeptherapya.com\/ru\/wp-json\/wp\/v2\/pages\/656\/revisions\/938"}],"wp:featuredmedia":[{"embeddable":true,"href":"https:\/\/www.deeptherapya.com\/ru\/wp-json\/wp\/v2\/media\/942"}],"wp:attachment":[{"href":"https:\/\/www.deeptherapya.com\/ru\/wp-json\/wp\/v2\/media?parent=656"}],"curies":[{"name":"wp","href":"https:\/\/api.w.org\/{rel}","templated":true}]}}