{"id":690,"date":"2025-11-24T09:19:41","date_gmt":"2025-11-24T09:19:41","guid":{"rendered":"https:\/\/www.deeptherapya.com\/?page_id=690"},"modified":"2025-11-25T09:37:12","modified_gmt":"2025-11-25T09:37:12","slug":"masaje-kinesthetic-flow-2","status":"publish","type":"page","link":"https:\/\/www.deeptherapya.com\/ru\/masaje-kinesthetic-flow-2\/","title":{"rendered":"\u041a\u0438\u043d\u0435\u0441\u0442\u0435\u0442\u0438\u0447\u0435\u0441\u043a\u0438\u0439 \u043c\u0430\u0441\u0441\u0430\u0436 \u043f\u043e\u0442\u043e\u043a\u0430"},"content":{"rendered":"<style>.elementor-690 .elementor-element.elementor-element-03326d5{--display:flex;--flex-direction:row;--container-widget-width:initial;--container-widget-height:100%;--container-widget-flex-grow:1;--container-widget-align-self:stretch;--flex-wrap-mobile:wrap;--margin-top:0px;--margin-bottom:100px;--margin-left:0px;--margin-right:0px;}.elementor-690 .elementor-element.elementor-element-a75bfdf{--display:flex;}.elementor-690 .elementor-element.elementor-element-aadfbdb .elementor-icon-list-icon i{transition:color 0.3s;}.elementor-690 .elementor-element.elementor-element-aadfbdb .elementor-icon-list-icon svg{transition:fill 0.3s;}.elementor-690 .elementor-element.elementor-element-aadfbdb{--e-icon-list-icon-size:14px;--icon-vertical-offset:0px;}.elementor-690 .elementor-element.elementor-element-aadfbdb .elementor-icon-list-text{color:var( --e-global-color-4a5499b );transition:color 0.3s;}.elementor-690 .elementor-element.elementor-element-2561a3e{--display:flex;--justify-content:center;}.elementor-690 .elementor-element.elementor-element-035d903 .elementor-heading-title{font-size:32px;}.elementor-690 .elementor-element.elementor-element-f0adbb7{color:var( --e-global-color-primary );}.elementor-690 .elementor-element.elementor-element-fb68742 .elementor-heading-title{font-family:\"Raleway\", Sans-serif;font-size:25px;font-weight:400;text-transform:uppercase;letter-spacing:1px;}.elementor-690 .elementor-element.elementor-element-7dc816d .elementor-button{border-radius:50px 50px 50px 50px;}@media(max-width:1366px){.elementor-690 .elementor-element.elementor-element-fb68742 .elementor-heading-title{font-size:15px;}}@media(min-width:768px){.elementor-690 .elementor-element.elementor-element-a75bfdf{--width:65%;}}@media(max-width:767px){.elementor-690 .elementor-element.elementor-element-fe4f923 img{max-width:100%;}.elementor-690 .elementor-element.elementor-element-035d903{text-align:center;}.elementor-690 .elementor-element.elementor-element-f0adbb7{text-align:center;}}<\/style>\t\t<div data-elementor-type=\"wp-page\" data-elementor-id=\"690\" class=\"elementor elementor-690\" data-elementor-post-type=\"page\">\n\t\t\t\t<div class=\"elementor-element elementor-element-03326d5 e-flex e-con-boxed e-con e-parent\" data-id=\"03326d5\" data-element_type=\"container\">\n\t\t\t\t\t<div class=\"e-con-inner\">\n\t\t<div class=\"elementor-element elementor-element-a75bfdf e-con-full e-flex e-con e-child\" data-id=\"a75bfdf\" data-element_type=\"container\">\n\t\t\t\t<div class=\"elementor-element elementor-element-fe4f923 elementor-widget elementor-widget-image\" data-id=\"fe4f923\" data-element_type=\"widget\" data-widget_type=\"image.default\">\n\t\t\t\t<div class=\"elementor-widget-container\">\n\t\t\t\t\t\t\t\t\t\t\t\t\t\t\t<img fetchpriority=\"high\" decoding=\"async\" width=\"683\" height=\"1024\" src=\"https:\/\/www.deeptherapya.com\/wp-content\/uploads\/2025\/11\/Masaje-kinesthetic-flow-683x1024.jpg\" class=\"attachment-large size-large wp-image-456\" alt=\"\" srcset=\"https:\/\/www.deeptherapya.com\/wp-content\/uploads\/2025\/11\/Masaje-kinesthetic-flow-683x1024.jpg 683w, https:\/\/www.deeptherapya.com\/wp-content\/uploads\/2025\/11\/Masaje-kinesthetic-flow-600x900.jpg 600w, https:\/\/www.deeptherapya.com\/wp-content\/uploads\/2025\/11\/Masaje-kinesthetic-flow-200x300.jpg 200w, https:\/\/www.deeptherapya.com\/wp-content\/uploads\/2025\/11\/Masaje-kinesthetic-flow-768x1152.jpg 768w, https:\/\/www.deeptherapya.com\/wp-content\/uploads\/2025\/11\/Masaje-kinesthetic-flow-1024x1536.jpg 1024w, https:\/\/www.deeptherapya.com\/wp-content\/uploads\/2025\/11\/Masaje-kinesthetic-flow-1366x2048.jpg 1366w, https:\/\/www.deeptherapya.com\/wp-content\/uploads\/2025\/11\/Masaje-kinesthetic-flow.jpg 1707w\" sizes=\"(max-width: 683px) 100vw, 683px\" \/>\t\t\t\t\t\t\t\t\t\t\t\t\t\t\t<\/div>\n\t\t\t\t<\/div>\n\t\t\t\t<div class=\"elementor-element elementor-element-aadfbdb elementor-hidden-tablet elementor-hidden-mobile elementor-icon-list--layout-traditional elementor-list-item-link-full_width elementor-widget elementor-widget-icon-list\" data-id=\"aadfbdb\" data-element_type=\"widget\" data-widget_type=\"icon-list.default\">\n\t\t\t\t<div class=\"elementor-widget-container\">\n\t\t\t\t\t\t\t<ul class=\"elementor-icon-list-items\">\n\t\t\t\t\t\t\t<li class=\"elementor-icon-list-item\">\n\t\t\t\t\t\t\t\t\t\t\t<a href=\"https:\/\/www.deeptherapya.com\/ru\/servicios\/\">\n\n\t\t\t\t\t\t\t\t\t\t\t\t<span class=\"elementor-icon-list-icon\">\n\t\t\t\t\t\t\t<i aria-hidden=\"true\" class=\"jki jki-arrow-left-line\"><\/i>\t\t\t\t\t\t<\/span>\n\t\t\t\t\t\t\t\t\t\t<span class=\"elementor-icon-list-text\">\u0412\u0435\u0440\u043d\u0443\u0442\u044c\u0441\u044f \u043a \u0443\u0441\u043b\u0443\u0433\u0430\u043c<\/span>\n\t\t\t\t\t\t\t\t\t\t\t<\/a>\n\t\t\t\t\t\t\t\t\t<\/li>\n\t\t\t\t\t\t<\/ul>\n\t\t\t\t\t\t<\/div>\n\t\t\t\t<\/div>\n\t\t\t\t<\/div>\n\t\t<div class=\"elementor-element elementor-element-2561a3e e-con-full e-flex e-con e-child\" data-id=\"2561a3e\" data-element_type=\"container\">\n\t\t\t\t<div class=\"elementor-element elementor-element-f0adbb7 elementor-widget elementor-widget-text-editor\" data-id=\"f0adbb7\" data-element_type=\"widget\" data-widget_type=\"text-editor.default\">\n\t\t\t\t<div class=\"elementor-widget-container\">\n\t\t\t\t\t\t\t\t\t<p data-start=\"248\" data-end=\"679\">\u041a\u0430\u0436\u0434\u044b\u0439 \u0441\u0435\u0430\u043d\u0441 \u0440\u0430\u0437\u0440\u0430\u0431\u0430\u0442\u044b\u0432\u0430\u0435\u0442\u0441\u044f \u0441 \u0443\u0447\u0451\u0442\u043e\u043c \u0438\u043d\u0434\u0438\u0432\u0438\u0434\u0443\u0430\u043b\u044c\u043d\u044b\u0445 \u043f\u043e\u0442\u0440\u0435\u0431\u043d\u043e\u0441\u0442\u0435\u0439 \u043a\u0430\u0436\u0434\u043e\u0433\u043e \u0447\u0435\u043b\u043e\u0432\u0435\u043a\u0430, \u0435\u0433\u043e \u0444\u0438\u0437\u0438\u0447\u0435\u0441\u043a\u043e\u0433\u043e, \u044d\u043c\u043e\u0446\u0438\u043e\u043d\u0430\u043b\u044c\u043d\u043e\u0433\u043e \u0438 \u044d\u043d\u0435\u0440\u0433\u0435\u0442\u0438\u0447\u0435\u0441\u043a\u043e\u0433\u043e \u0441\u043e\u0441\u0442\u043e\u044f\u043d\u0438\u044f. \u041f\u0440\u043e\u0432\u043e\u0434\u0438\u0442\u0441\u044f \u043f\u0435\u0440\u0432\u043e\u043d\u0430\u0447\u0430\u043b\u044c\u043d\u0430\u044f \u043e\u0446\u0435\u043d\u043a\u0430 \u0434\u043b\u044f \u0432\u044b\u044f\u0432\u043b\u0435\u043d\u0438\u044f \u043d\u0430\u043f\u0440\u044f\u0436\u0435\u043d\u0438\u044f, \u043d\u0430\u0440\u0443\u0448\u0435\u043d\u0438\u0439 \u043e\u0441\u0430\u043d\u043a\u0438 \u0438 \u0437\u043e\u043d, \u0442\u0440\u0435\u0431\u0443\u044e\u0449\u0438\u0445 \u0434\u0430\u043b\u044c\u043d\u0435\u0439\u0448\u0435\u0433\u043e \u0432\u043d\u0438\u043c\u0430\u043d\u0438\u044f.<br data-start=\"508\" data-end=\"511\" \/>\u0426\u0435\u043b\u044c \u2014 \u0441\u043e\u0437\u0434\u0430\u0442\u044c \u043f\u043e\u043b\u043d\u043e\u0441\u0442\u044c\u044e \u0438\u043d\u0434\u0438\u0432\u0438\u0434\u0443\u0430\u043b\u044c\u043d\u044b\u0439 \u043c\u0430\u0441\u0441\u0430\u0436, \u0441\u043e\u0447\u0435\u0442\u0430\u044e\u0449\u0438\u0439 \u0432 \u0441\u0435\u0431\u0435 \u0440\u0430\u0437\u043b\u0438\u0447\u043d\u044b\u0435 \u0442\u0435\u0445\u043d\u0438\u043a\u0438, \u043e\u0431\u0435\u0441\u043f\u0435\u0447\u0438\u0432\u0430\u044e\u0449\u0438\u0435 \u0433\u043b\u0443\u0431\u043e\u043a\u043e\u0435 \u043e\u0431\u043b\u0435\u0433\u0447\u0435\u043d\u0438\u0435 \u0438 \u043f\u0440\u0435\u043e\u0431\u0440\u0430\u0437\u0443\u044e\u0449\u0438\u0439 \u0442\u0435\u0440\u0430\u043f\u0435\u0432\u0442\u0438\u0447\u0435\u0441\u043a\u0438\u0439 \u043e\u043f\u044b\u0442.<\/p><p data-start=\"681\" data-end=\"976\">\u041f\u043e \u043c\u0435\u0440\u0435 \u043f\u0440\u043e\u0432\u0435\u0434\u0435\u043d\u0438\u044f \u0441\u0435\u0430\u043d\u0441\u0430 \u0442\u0435\u0440\u0430\u043f\u0435\u0432\u0442 \u043a\u043e\u0440\u0440\u0435\u043a\u0442\u0438\u0440\u0443\u0435\u0442 \u0434\u0430\u0432\u043b\u0435\u043d\u0438\u0435, \u0440\u0438\u0442\u043c \u0438 \u0442\u0435\u0445\u043d\u0438\u043a\u0438 \u0432 \u0437\u0430\u0432\u0438\u0441\u0438\u043c\u043e\u0441\u0442\u0438 \u043e\u0442 \u0440\u0435\u0430\u043a\u0446\u0438\u0438 \u043e\u0440\u0433\u0430\u043d\u0438\u0437\u043c\u0430. \u042d\u0442\u043e\u0442 \u0433\u0438\u0431\u043a\u0438\u0439 \u043f\u043e\u0434\u0445\u043e\u0434 \u043f\u043e\u0437\u0432\u043e\u043b\u044f\u0435\u0442 \u0442\u0435\u0440\u0430\u043f\u0438\u0438 \u0440\u0430\u0437\u0432\u0438\u0432\u0430\u0442\u044c\u0441\u044f \u0432 \u0440\u0435\u0436\u0438\u043c\u0435 \u0440\u0435\u0430\u043b\u044c\u043d\u043e\u0433\u043e \u0432\u0440\u0435\u043c\u0435\u043d\u0438, \u043e\u0431\u0435\u0441\u043f\u0435\u0447\u0438\u0432\u0430\u044f \u0442\u043e\u0447\u043d\u043e\u0435 \u0438 \u044d\u0444\u0444\u0435\u043a\u0442\u0438\u0432\u043d\u043e\u0435 \u043b\u0435\u0447\u0435\u043d\u0438\u0435, \u0443\u0447\u0438\u0442\u044b\u0432\u0430\u044e\u0449\u0435\u0435 \u0435\u0441\u0442\u0435\u0441\u0442\u0432\u0435\u043d\u043d\u044b\u0435 \u0432\u043e\u0437\u043c\u043e\u0436\u043d\u043e\u0441\u0442\u0438 \u043a\u0430\u0436\u0434\u043e\u0433\u043e \u0447\u0435\u043b\u043e\u0432\u0435\u043a\u0430.<\/p>\t\t\t\t\t\t\t\t<\/div>\n\t\t\t\t<\/div>\n\t\t\t\t<div class=\"elementor-element elementor-element-fb68742 elementor-widget elementor-widget-heading\" data-id=\"fb68742\" data-element_type=\"widget\" data-widget_type=\"heading.default\">\n\t\t\t\t<div class=\"elementor-widget-container\">\n\t\t\t\t\t<h5 class=\"elementor-heading-title elementor-size-default\">60' - 70\u20ac\n<br>\n90' - 105\u20ac<\/h5>\t\t\t\t<\/div>\n\t\t\t\t<\/div>\n\t\t\t\t<div class=\"elementor-element elementor-element-7dc816d elementor-mobile-align-center elementor-widget elementor-widget-button\" data-id=\"7dc816d\" data-element_type=\"widget\" data-widget_type=\"button.default\">\n\t\t\t\t<div class=\"elementor-widget-container\">\n\t\t\t\t\t\t\t\t\t<div class=\"elementor-button-wrapper\">\n\t\t\t\t\t<a class=\"elementor-button elementor-button-link elementor-size-sm\" href=\"https:\/\/wa.link\/kxgdao\">\n\t\t\t\t\t\t<span class=\"elementor-button-content-wrapper\">\n\t\t\t\t\t\t\t\t\t<span class=\"elementor-button-text\">\u0417\u0430\u0431\u0440\u043e\u043d\u0438\u0440\u043e\u0432\u0430\u0442\u044c \u0441\u0435\u0439\u0447\u0430\u0441<\/span>\n\t\t\t\t\t<\/span>\n\t\t\t\t\t<\/a>\n\t\t\t\t<\/div>\n\t\t\t\t\t\t\t\t<\/div>\n\t\t\t\t<\/div>\n\t\t\t\t<\/div>\n\t\t\t\t\t<\/div>\n\t\t\t\t<\/div>\n\t\t\t\t<\/div>","protected":false},"excerpt":{"rendered":"<p>Volver a servicios Cada sesi\u00f3n se dise\u00f1a a partir de las necesidades \u00fanicas de cada persona, teniendo en cuenta su estado f\u00edsico, emocional y energ\u00e9tico. Se realiza una evaluaci\u00f3n inicial que permite identificar tensiones, h\u00e1bitos posturales y \u00e1reas que requieren mayor atenci\u00f3n.El objetivo es crear un masaje completamente a medida, combinando diferentes t\u00e9cnicas para proporcionar&hellip;&nbsp;<a href=\"https:\/\/www.deeptherapya.com\/ru\/masaje-kinesthetic-flow-2\/\" rel=\"bookmark\"><span class=\"screen-reader-text\">\u041a\u0438\u043d\u0435\u0441\u0442\u0435\u0442\u0438\u0447\u0435\u0441\u043a\u0438\u0439 \u043c\u0430\u0441\u0441\u0430\u0436 \u043f\u043e\u0442\u043e\u043a\u0430<\/span><\/a><\/p>","protected":false},"author":1,"featured_media":0,"parent":0,"menu_order":0,"comment_status":"closed","ping_status":"closed","template":"page-templates\/template-pagebuilder-full-width.php","meta":{"neve_meta_sidebar":"","neve_meta_container":"","neve_meta_enable_content_width":"off","neve_meta_content_width":100,"neve_meta_title_alignment":"","neve_meta_author_avatar":"","neve_post_elements_order":"","neve_meta_disable_header":"","neve_meta_disable_footer":"","neve_meta_disable_title":"","_joinchat":[],"footnotes":""},"class_list":["post-690","page","type-page","status-publish","hentry"],"yoast_head":"<!-- This site is optimized with the Yoast SEO plugin v26.5 - https:\/\/yoast.com\/wordpress\/plugins\/seo\/ -->\n<title>Masaje Kinesthetic Flow - Deeptherapya<\/title>\n<meta name=\"robots\" content=\"index, follow, max-snippet:-1, max-image-preview:large, max-video-preview:-1\" \/>\n<link rel=\"canonical\" href=\"https:\/\/www.deeptherapya.com\/ru\/masaje-kinesthetic-flow-2\/\" \/>\n<meta property=\"og:locale\" content=\"ru_RU\" \/>\n<meta property=\"og:type\" content=\"article\" \/>\n<meta property=\"og:title\" content=\"Masaje Kinesthetic Flow - Deeptherapya\" \/>\n<meta property=\"og:description\" content=\"Volver a servicios Cada sesi\u00f3n se dise\u00f1a a partir de las necesidades \u00fanicas de cada persona, teniendo en cuenta su estado f\u00edsico, emocional y energ\u00e9tico. Se realiza una evaluaci\u00f3n inicial que permite identificar tensiones, h\u00e1bitos posturales y \u00e1reas que requieren mayor atenci\u00f3n.El objetivo es crear un masaje completamente a medida, combinando diferentes t\u00e9cnicas para proporcionar&hellip;&nbsp;Masaje Kinesthetic Flow\" \/>\n<meta property=\"og:url\" content=\"https:\/\/www.deeptherapya.com\/ru\/masaje-kinesthetic-flow-2\/\" \/>\n<meta property=\"og:site_name\" content=\"Deeptherapya\" \/>\n<meta property=\"article:modified_time\" content=\"2025-11-25T09:37:12+00:00\" \/>\n<meta property=\"og:image\" content=\"https:\/\/www.deeptherapya.com\/wp-content\/uploads\/2025\/11\/Masaje-kinesthetic-flow.jpg\" \/>\n\t<meta property=\"og:image:width\" content=\"1707\" \/>\n\t<meta property=\"og:image:height\" content=\"2560\" \/>\n\t<meta property=\"og:image:type\" content=\"image\/jpeg\" \/>\n<meta name=\"twitter:card\" content=\"summary_large_image\" \/>\n<meta name=\"twitter:label1\" content=\"\u041f\u0440\u0438\u043c\u0435\u0440\u043d\u043e\u0435 \u0432\u0440\u0435\u043c\u044f \u0434\u043b\u044f \u0447\u0442\u0435\u043d\u0438\u044f\" \/>\n\t<meta name=\"twitter:data1\" content=\"1 \u043c\u0438\u043d\u0443\u0442\u0430\" \/>\n<script type=\"application\/ld+json\" class=\"yoast-schema-graph\">{\"@context\":\"https:\/\/schema.org\",\"@graph\":[{\"@type\":\"WebPage\",\"@id\":\"https:\/\/www.deeptherapya.com\/masaje-kinesthetic-flow-2\/\",\"url\":\"https:\/\/www.deeptherapya.com\/masaje-kinesthetic-flow-2\/\",\"name\":\"Masaje Kinesthetic Flow - Deeptherapya\",\"isPartOf\":{\"@id\":\"https:\/\/www.deeptherapya.com\/#website\"},\"primaryImageOfPage\":{\"@id\":\"https:\/\/www.deeptherapya.com\/masaje-kinesthetic-flow-2\/#primaryimage\"},\"image\":{\"@id\":\"https:\/\/www.deeptherapya.com\/masaje-kinesthetic-flow-2\/#primaryimage\"},\"thumbnailUrl\":\"https:\/\/www.deeptherapya.com\/wp-content\/uploads\/2025\/11\/Masaje-kinesthetic-flow-683x1024.jpg\",\"datePublished\":\"2025-11-24T09:19:41+00:00\",\"dateModified\":\"2025-11-25T09:37:12+00:00\",\"breadcrumb\":{\"@id\":\"https:\/\/www.deeptherapya.com\/masaje-kinesthetic-flow-2\/#breadcrumb\"},\"inLanguage\":\"ru-RU\",\"potentialAction\":[{\"@type\":\"ReadAction\",\"target\":[\"https:\/\/www.deeptherapya.com\/masaje-kinesthetic-flow-2\/\"]}]},{\"@type\":\"ImageObject\",\"inLanguage\":\"ru-RU\",\"@id\":\"https:\/\/www.deeptherapya.com\/masaje-kinesthetic-flow-2\/#primaryimage\",\"url\":\"https:\/\/www.deeptherapya.com\/wp-content\/uploads\/2025\/11\/Masaje-kinesthetic-flow-683x1024.jpg\",\"contentUrl\":\"https:\/\/www.deeptherapya.com\/wp-content\/uploads\/2025\/11\/Masaje-kinesthetic-flow-683x1024.jpg\"},{\"@type\":\"BreadcrumbList\",\"@id\":\"https:\/\/www.deeptherapya.com\/masaje-kinesthetic-flow-2\/#breadcrumb\",\"itemListElement\":[{\"@type\":\"ListItem\",\"position\":1,\"name\":\"Portada\",\"item\":\"https:\/\/www.deeptherapya.com\/\"},{\"@type\":\"ListItem\",\"position\":2,\"name\":\"Masaje Kinesthetic Flow\"}]},{\"@type\":\"WebSite\",\"@id\":\"https:\/\/www.deeptherapya.com\/#website\",\"url\":\"https:\/\/www.deeptherapya.com\/\",\"name\":\"Deeptherapya\",\"description\":\"Masajes energ\u00e9ticos y terap\u00e9uticos, te ayudo a conectar con tu cuerpo y tu interior.\",\"potentialAction\":[{\"@type\":\"SearchAction\",\"target\":{\"@type\":\"EntryPoint\",\"urlTemplate\":\"https:\/\/www.deeptherapya.com\/?s={search_term_string}\"},\"query-input\":{\"@type\":\"PropertyValueSpecification\",\"valueRequired\":true,\"valueName\":\"search_term_string\"}}],\"inLanguage\":\"ru-RU\"}]}<\/script>\n<!-- \/ Yoast SEO plugin. -->","yoast_head_json":{"title":"Masaje Kinesthetic Flow - Deeptherapya","robots":{"index":"index","follow":"follow","max-snippet":"max-snippet:-1","max-image-preview":"max-image-preview:large","max-video-preview":"max-video-preview:-1"},"canonical":"https:\/\/www.deeptherapya.com\/ru\/masaje-kinesthetic-flow-2\/","og_locale":"ru_RU","og_type":"article","og_title":"Masaje Kinesthetic Flow - Deeptherapya","og_description":"Volver a servicios Cada sesi\u00f3n se dise\u00f1a a partir de las necesidades \u00fanicas de cada persona, teniendo en cuenta su estado f\u00edsico, emocional y energ\u00e9tico. Se realiza una evaluaci\u00f3n inicial que permite identificar tensiones, h\u00e1bitos posturales y \u00e1reas que requieren mayor atenci\u00f3n.El objetivo es crear un masaje completamente a medida, combinando diferentes t\u00e9cnicas para proporcionar&hellip;&nbsp;Masaje Kinesthetic Flow","og_url":"https:\/\/www.deeptherapya.com\/ru\/masaje-kinesthetic-flow-2\/","og_site_name":"Deeptherapya","article_modified_time":"2025-11-25T09:37:12+00:00","og_image":[{"width":1707,"height":2560,"url":"https:\/\/www.deeptherapya.com\/wp-content\/uploads\/2025\/11\/Masaje-kinesthetic-flow.jpg","type":"image\/jpeg"}],"twitter_card":"summary_large_image","twitter_misc":{"\u041f\u0440\u0438\u043c\u0435\u0440\u043d\u043e\u0435 \u0432\u0440\u0435\u043c\u044f \u0434\u043b\u044f \u0447\u0442\u0435\u043d\u0438\u044f":"1 \u043c\u0438\u043d\u0443\u0442\u0430"},"schema":{"@context":"https:\/\/schema.org","@graph":[{"@type":"WebPage","@id":"https:\/\/www.deeptherapya.com\/masaje-kinesthetic-flow-2\/","url":"https:\/\/www.deeptherapya.com\/masaje-kinesthetic-flow-2\/","name":"Masaje Kinesthetic Flow - Deeptherapya","isPartOf":{"@id":"https:\/\/www.deeptherapya.com\/#website"},"primaryImageOfPage":{"@id":"https:\/\/www.deeptherapya.com\/masaje-kinesthetic-flow-2\/#primaryimage"},"image":{"@id":"https:\/\/www.deeptherapya.com\/masaje-kinesthetic-flow-2\/#primaryimage"},"thumbnailUrl":"https:\/\/www.deeptherapya.com\/wp-content\/uploads\/2025\/11\/Masaje-kinesthetic-flow-683x1024.jpg","datePublished":"2025-11-24T09:19:41+00:00","dateModified":"2025-11-25T09:37:12+00:00","breadcrumb":{"@id":"https:\/\/www.deeptherapya.com\/masaje-kinesthetic-flow-2\/#breadcrumb"},"inLanguage":"ru-RU","potentialAction":[{"@type":"ReadAction","target":["https:\/\/www.deeptherapya.com\/masaje-kinesthetic-flow-2\/"]}]},{"@type":"ImageObject","inLanguage":"ru-RU","@id":"https:\/\/www.deeptherapya.com\/masaje-kinesthetic-flow-2\/#primaryimage","url":"https:\/\/www.deeptherapya.com\/wp-content\/uploads\/2025\/11\/Masaje-kinesthetic-flow-683x1024.jpg","contentUrl":"https:\/\/www.deeptherapya.com\/wp-content\/uploads\/2025\/11\/Masaje-kinesthetic-flow-683x1024.jpg"},{"@type":"BreadcrumbList","@id":"https:\/\/www.deeptherapya.com\/masaje-kinesthetic-flow-2\/#breadcrumb","itemListElement":[{"@type":"ListItem","position":1,"name":"Portada","item":"https:\/\/www.deeptherapya.com\/"},{"@type":"ListItem","position":2,"name":"Masaje Kinesthetic Flow"}]},{"@type":"WebSite","@id":"https:\/\/www.deeptherapya.com\/#website","url":"https:\/\/www.deeptherapya.com\/","name":"\u0413\u043b\u0443\u0431\u043e\u043a\u0430\u044f \u0442\u0435\u0440\u0430\u043f\u0438\u044f","description":"Masajes energ\u00e9ticos y terap\u00e9uticos, te ayudo a conectar con tu cuerpo y tu interior.","potentialAction":[{"@type":"SearchAction","target":{"@type":"EntryPoint","urlTemplate":"https:\/\/www.deeptherapya.com\/?s={search_term_string}"},"query-input":{"@type":"PropertyValueSpecification","valueRequired":true,"valueName":"search_term_string"}}],"inLanguage":"ru-RU"}]}},"_links":{"self":[{"href":"https:\/\/www.deeptherapya.com\/ru\/wp-json\/wp\/v2\/pages\/690","targetHints":{"allow":["GET"]}}],"collection":[{"href":"https:\/\/www.deeptherapya.com\/ru\/wp-json\/wp\/v2\/pages"}],"about":[{"href":"https:\/\/www.deeptherapya.com\/ru\/wp-json\/wp\/v2\/types\/page"}],"author":[{"embeddable":true,"href":"https:\/\/www.deeptherapya.com\/ru\/wp-json\/wp\/v2\/users\/1"}],"replies":[{"embeddable":true,"href":"https:\/\/www.deeptherapya.com\/ru\/wp-json\/wp\/v2\/comments?post=690"}],"version-history":[{"count":7,"href":"https:\/\/www.deeptherapya.com\/ru\/wp-json\/wp\/v2\/pages\/690\/revisions"}],"predecessor-version":[{"id":800,"href":"https:\/\/www.deeptherapya.com\/ru\/wp-json\/wp\/v2\/pages\/690\/revisions\/800"}],"wp:attachment":[{"href":"https:\/\/www.deeptherapya.com\/ru\/wp-json\/wp\/v2\/media?parent=690"}],"curies":[{"name":"wp","href":"https:\/\/api.w.org\/{rel}","templated":true}]}}